{"id":61,"date":"2021-11-16T12:18:30","date_gmt":"2021-11-16T12:18:30","guid":{"rendered":"http:\/\/epub-verlag.de\/wordpress\/?page_id=61"},"modified":"2025-05-08T11:04:54","modified_gmt":"2025-05-08T11:04:54","slug":"unsere-buecher","status":"publish","type":"page","link":"https:\/\/epub-verlag.de\/wordpress\/unsere-buecher\/","title":{"rendered":"Unsere B\u00fccher"},"content":{"rendered":"\n<p>Cover anklicken zum Kaufen im Kindle Format bei Amazon, oder den Button zum Kauf als E-Pub bei Ebooks.de<\/p>\n\n\n\n<div class=\"wp-block-group\"><div class=\"wp-block-group__inner-container is-layout-flow wp-block-group-is-layout-flow\">\n<div class=\"wp-block-columns alignwide is-layout-flex wp-container-core-columns-is-layout-9d6595d7 wp-block-columns-is-layout-flex\">\n<div class=\"wp-block-column is-layout-flow wp-block-column-is-layout-flow\" style=\"flex-basis:50%\"><div class=\"wp-block-image\">\n<figure class=\"alignleft\"><a href=\"https:\/\/www.amazon.de\/gp\/product\/B00DKBCID8\/ref=dbs_a_def_rwt_hsch_vapi_tkin_p1_i3\" target=\"_blank\" rel=\"noopener\"><img loading=\"lazy\" decoding=\"async\" width=\"218\" height=\"218\" src=\"https:\/\/epub-verlag.de\/wordpress\/wp-content\/uploads\/2021\/11\/Liam2.jpg\" alt=\"\" class=\"wp-image-59\" srcset=\"https:\/\/epub-verlag.de\/wordpress\/wp-content\/uploads\/2021\/11\/Liam2.jpg 218w, https:\/\/epub-verlag.de\/wordpress\/wp-content\/uploads\/2021\/11\/Liam2-150x150.jpg 150w\" sizes=\"auto, (max-width: 218px) 100vw, 218px\" \/><\/a><figcaption class=\"wp-element-caption\"><a href=\"https:\/\/www.ebook.de\/de\/product\/42123878\/mehdi_martens_liams_weg_in_das_licht.html\" target=\"_blank\" rel=\"noreferrer noopener\"><img loading=\"lazy\" decoding=\"async\" width=\"150\" height=\"46\" class=\"wp-image-264\" style=\"width: 150px;\" src=\"https:\/\/epub-verlag.de\/wordpress\/wp-content\/uploads\/2022\/02\/E-Pub.jpg\" alt=\"\"><\/a><\/figcaption><\/figure><\/div><\/div>\n\n\n\n<div class=\"wp-block-column is-layout-flow wp-block-column-is-layout-flow\" style=\"flex-basis:50%\">\n<p class=\"has-small-font-size\">Wer kennt sie nicht, die uralte Frage nach dem Sein? Viele haben sich damit auseinandergesetzt, mit wechselndem Erfolg. Dennoch gibt es unbeantwortete Fragen, die heute genauso aktuell sind wie vor hundert Jahren. Warum sind wir hier? Was ist der Sinn des Lebens?Liams Weg in das Licht ist ein Ausflug in eine faszinierende, magische Welt, der sich niemand entziehen kann, wenn er einmal einen Fu\u00df hineingesetzt hat. Der Autor versteht es auf wunderbare Weise, die Tradition alter Meister in die heutige Zeit zu integrieren; vor dem Hintergrund&nbsp; von M\u00e4dchen, Motorr\u00e4dern und Rockmusik die Frage nach Religion zu stellen und dabei eine Br\u00fccke zu schlagen zwischen der Wahrnehmung und den Antworten, die daraus folgern.Jeder Leser wird sich unwillk\u00fcrlich fragen, was f\u00fcr sein eigenes Leben zutrifft. Denn der Autor hat in seinem Werk die Fragezeichen an den richtigen Stellen hinterlassen; ohne Dogmatismus, und ohne an etwas anderes zu glauben als die Vernunft.<\/p>\n<\/div>\n<\/div>\n<\/div><\/div>\n\n\n\n<div class=\"wp-block-columns is-layout-flex wp-container-core-columns-is-layout-9d6595d7 wp-block-columns-is-layout-flex\">\n<div class=\"wp-block-column is-layout-flow wp-block-column-is-layout-flow\" style=\"flex-basis:100%\">\n<div class=\"wp-block-columns alignwide is-layout-flex wp-container-core-columns-is-layout-9d6595d7 wp-block-columns-is-layout-flex\">\n<div class=\"wp-block-column is-layout-flow wp-block-column-is-layout-flow\" style=\"flex-basis:50%\">\n<figure class=\"wp-block-image\"><a href=\"https:\/\/www.amazon.de\/gp\/product\/B00G2CE8R6\/ref=dbs_a_def_rwt_hsch_vapi_tkin_p1_i2\" target=\"_blank\" rel=\"noopener\"><img loading=\"lazy\" decoding=\"async\" width=\"218\" height=\"218\" src=\"https:\/\/epub-verlag.de\/wordpress\/wp-content\/uploads\/2021\/11\/Chris2.jpg\" alt=\"\" class=\"wp-image-58\" srcset=\"https:\/\/epub-verlag.de\/wordpress\/wp-content\/uploads\/2021\/11\/Chris2.jpg 218w, https:\/\/epub-verlag.de\/wordpress\/wp-content\/uploads\/2021\/11\/Chris2-150x150.jpg 150w\" sizes=\"auto, (max-width: 218px) 100vw, 218px\" \/><\/a><\/figure>\n\n\n\n<p><\/p>\n<\/div>\n\n\n\n<div class=\"wp-block-column is-layout-flow wp-block-column-is-layout-flow\" style=\"flex-basis:50%\">\n<p class=\"has-small-font-size\">Eine Welt ohne Geld und ohne Regierung?<br>Unvorstellbar! Dennoch ist das die Realit\u00e4t, in der Chris im Krankenhaus erwacht. Was hat es mit dem mysteri\u00f6sen \u201cNeustart\u201d der Gesellschaft auf sich? Doch als noch viel unheimlicher erweist sich das R\u00e4tsel um sein Erwachen. Was hat er mit der Verschw\u00f6rung der Terrorgruppe der \u201cEntropisten\u201d zu tun? Ist er die dritte Kolonne, die das neu geschaffene Gesellschaftssystem vernichten soll? Mit einer Gruppe Studenten an seiner Seite macht sich Chris auf, das Geheimnis seiner Herkunft zu l\u00fcften und das R\u00e4tsel seiner Existenz zu l\u00f6sen.<br>Ein Roman, der die Diskussionen um die Finanzkrise und die Globalisierung aufnimmt und dem Leser eine Welt jenseits der Gier zeigt. Phantasievoll weitergedacht, sowohl \u00fcberraschend wie machbar, ohne dabei die Natur des Menschen zu ignorieren.<\/p>\n<\/div>\n<\/div>\n<\/div>\n<\/div>\n\n\n\n<div class=\"wp-block-columns alignwide is-layout-flex wp-container-core-columns-is-layout-9d6595d7 wp-block-columns-is-layout-flex\">\n<div class=\"wp-block-column is-layout-flow wp-block-column-is-layout-flow\" style=\"flex-basis:50%\"><div class=\"wp-block-image\">\n<figure class=\"alignleft\"><a href=\"https:\/\/www.amazon.de\/gp\/product\/B00SG919D4\/ref=dbs_a_def_rwt_hsch_vapi_tkin_p1_i1\" target=\"_blank\" rel=\"noopener\"><img loading=\"lazy\" decoding=\"async\" width=\"218\" height=\"218\" src=\"https:\/\/epub-verlag.de\/wordpress\/wp-content\/uploads\/2021\/11\/DKHDM2.jpg\" alt=\"\" class=\"wp-image-57\" srcset=\"https:\/\/epub-verlag.de\/wordpress\/wp-content\/uploads\/2021\/11\/DKHDM2.jpg 218w, https:\/\/epub-verlag.de\/wordpress\/wp-content\/uploads\/2021\/11\/DKHDM2-150x150.jpg 150w\" sizes=\"auto, (max-width: 218px) 100vw, 218px\" \/><\/a><figcaption class=\"wp-element-caption\"><a href=\"https:\/\/www.ebook.de\/de\/product\/42121764\/mehdi_martens_das_kleine_handbuch_der_magie.html\" target=\"_blank\" rel=\"noreferrer noopener\"><img loading=\"lazy\" decoding=\"async\" width=\"150\" height=\"46\" class=\"wp-image-264\" style=\"width: 150px;\" src=\"https:\/\/epub-verlag.de\/wordpress\/wp-content\/uploads\/2022\/02\/E-Pub.jpg\" alt=\"\"><\/a><\/figcaption><\/figure><\/div><\/div>\n\n\n\n<div class=\"wp-block-column is-layout-flow wp-block-column-is-layout-flow\" style=\"flex-basis:50%\">\n<p class=\"has-small-font-size\">Wenn wir heute das Wort &#8222;Magie&#8220; h\u00f6ren, denken wir unwillk\u00fcrlich an Harry Potter, an Zauberst\u00e4be und Hogwarts. Wir denken an Menschen mit \u00fcbersinnlichen F\u00e4higkeiten und \u00fcbernat\u00fcrliche Ereignisse; und dies nicht erst seit Joanne K. Rowlings Meisterwerk.<br>Doch mit der Realit\u00e4t hat das alles nichts zu tun &#8211; oder? Auch wenn wir alle keine Zauberst\u00e4be schwingen, geraten wir doch alle irgendwann in unserem Leben an den Punkt, an dem wir an unserer Realit\u00e4t zweifeln.<br>Unser durchaus nicht der Realit\u00e4t entfremdeter Autor hat sich dieses Themas angenommen; nicht etwa um sich per Zauberspruch die K\u00fcchenarbeit zu erleichtern, sondern um mit seinen Erfahrungen und den daraus resultierenden Erkenntnissen zu zeigen, wie wir unseren Alltag sinnvoller und erf\u00fcllter bew\u00e4ltigen k\u00f6nnen. So geht es in diesem Buch darum, unsere von Natur aus sp\u00e4rlich bemessene Energie effektiver einzusetzen oder aus anderen Quellen neue Energie zu gewinnen und f\u00fcr uns nutzbar zu machen.<br>Und Mehdi Martens geht noch weiter, er gibt althergebrachten Begriffen aus der Welt der Magie eine neue Bedeutung; um, dabei das Motto der alten Zaubererschule Hogwarts &#8222;Draco dormiens nunquam titilandus&#8220; &#8211; Kitzle nie einen schlafenden Drachen &#8211; quasi auf den Kopf stellend, zu sagen: Packt diese Dinge endlich an, dann werdet Ihr Euer Leben in neuem Licht sehen, denn ich biete Euch hier nicht weniger als: die perfekte Erkl\u00e4rung dieser Welt &#8211; oder den totalen Schwachsinn!<br><br>Eine Entscheidung, die er allerdings stets dem geneigten Leser selbst \u00fcberl\u00e4sst; denn nichts liegt ihm ferner, als eine neue Doktrin nach dem Muster bekannter religi\u00f6ser Institutionen zu schaffen; vielmehr handelt es sich um einen kleinen, aber ungemein konzentrierten Ratgeber f\u00fcr alle Lebenslagen. Wenn man ihn richtig anzuwenden wei\u00df!<\/p>\n<\/div>\n<\/div>\n\n\n\n<div class=\"wp-block-columns alignwide is-layout-flex wp-container-core-columns-is-layout-9d6595d7 wp-block-columns-is-layout-flex\">\n<div class=\"wp-block-column is-layout-flow wp-block-column-is-layout-flow\" style=\"flex-basis:50%\"><div class=\"wp-block-image\">\n<figure class=\"alignleft\"><a href=\"https:\/\/www.amazon.de\/gp\/product\/B07G2LYY9V\/ref=dbs_a_def_rwt_hsch_vapi_tkin_p1_i0\" target=\"_blank\" rel=\"noopener\"><img loading=\"lazy\" decoding=\"async\" width=\"218\" height=\"218\" src=\"https:\/\/epub-verlag.de\/wordpress\/wp-content\/uploads\/2021\/11\/Ron.jpg\" alt=\"\" class=\"wp-image-56\" srcset=\"https:\/\/epub-verlag.de\/wordpress\/wp-content\/uploads\/2021\/11\/Ron.jpg 218w, https:\/\/epub-verlag.de\/wordpress\/wp-content\/uploads\/2021\/11\/Ron-150x150.jpg 150w\" sizes=\"auto, (max-width: 218px) 100vw, 218px\" \/><\/a><figcaption class=\"wp-element-caption\"><a href=\"https:\/\/www.ebook.de\/de\/product\/42140414\/mehdi_martens_hexenmeister.html\" target=\"_blank\" rel=\"noreferrer noopener\"><img loading=\"lazy\" decoding=\"async\" width=\"150\" height=\"46\" class=\"wp-image-264\" style=\"width: 150px;\" src=\"https:\/\/epub-verlag.de\/wordpress\/wp-content\/uploads\/2022\/02\/E-Pub.jpg\" alt=\"\"><\/a><\/figcaption><\/figure><\/div>\n\n\n<p><\/p>\n<\/div>\n\n\n\n<div class=\"wp-block-column is-layout-flow wp-block-column-is-layout-flow\" style=\"flex-basis:50%\">\n<p class=\"has-small-font-size\">Die junge Susanne, Tochter eines reichen Frankfurter Bankiers wird seit Monaten vermisst. Eigentlich sollte ihr Urlaub in Kenia nur wenige Wochen dauern.<br>Selbst der erfahrene Sektenaussteiger Ron, der Susanne im Auftrag ihres Vaters aufsp\u00fcren und zur\u00fcck nach Deutschland bringen soll, steht vor einem obskuren Fall. Was hat der Hexenmeister mit dem Verschwinden von Susanne zu tun? Und wie soll er das M\u00e4dchen durch die Wirren des afrikanischen Landes schleusen? Geradezu magische Unterst\u00fctzung bekommt er von der Prostituierten Janet, die Ron hilft, die gef\u00e4hrlichsten Situationen zu meistern und sich seiner Vergangenheit in der Sekte und der tragischen Liebe zu Clair zu stellen.<\/p>\n\n\n\n<p class=\"has-small-font-size\">Jenseits ausgetrampelter Touristenpfade beschreibt Mehdi Martens in seinem neuen Buch das wirkliche Kenia, mit seinem Dreck, Slums, Prostitution und Korruption und einem Geisterglauben, der tief in der Bev\u00f6lkerung verwurzelt ist.<\/p>\n<\/div>\n<\/div>\n\n\n\n<div class=\"wp-block-columns is-layout-flex wp-container-core-columns-is-layout-9d6595d7 wp-block-columns-is-layout-flex\">\n<div class=\"wp-block-column is-layout-flow wp-block-column-is-layout-flow\"><div class=\"wp-block-image\">\n<figure class=\"alignleft size-full\"><a href=\"https:\/\/www.amazon.de\/Vermisst-h%C3%A4lt-durch-Privatdetektiv-Lizenz-ebook\/dp\/B09R4WCHSQ\/ref=sr_1_4?qid=1643202053&amp;refinements=p_27%3AMehdi+Martens&amp;s=digital-text&amp;sr=1-4&amp;text=Mehdi+Martens\"><img loading=\"lazy\" decoding=\"async\" width=\"222\" height=\"226\" src=\"https:\/\/epub-verlag.de\/wordpress\/wp-content\/uploads\/2022\/01\/RonHDWeb1.jpg\" alt=\"\" class=\"wp-image-168\"\/><\/a><figcaption class=\"wp-element-caption\"><a href=\"https:\/\/www.ebook.de\/de\/product\/42140259\/mehdi_martens_vermisst.html\" target=\"_blank\" rel=\"noreferrer noopener\"><img loading=\"lazy\" decoding=\"async\" width=\"150\" height=\"46\" class=\"wp-image-264\" style=\"width: 150px;\" src=\"https:\/\/epub-verlag.de\/wordpress\/wp-content\/uploads\/2022\/02\/E-Pub.jpg\" alt=\"\"><\/a><\/figcaption><\/figure><\/div><\/div>\n\n\n\n<div class=\"wp-block-column is-layout-flow wp-block-column-is-layout-flow\">\n<p class=\"has-small-font-size\">Ein 17 Jahre alter Vermisstenfall. Ein Totkranker Zeuge und eine h\u00fcbsche Franz\u00f6sin. In seinem zweiten Fall soll Ron, der Sektendetektiv, eine Motorradtour wiederholen die 17 Jahre zur\u00fcckliegt. Unmotiviert nimmt er den Auftrag an, ohne gro\u00dfe Hoffnung etwas herauszufinden. Doch was als Urlaubreise beginnt bringt ihn schnell an seine Grenzen, nicht zuletzt, weil er sich verliebt und pl\u00f6tzlich sein ganzes bisheriges Leben in Frage gestellt wird. Immer noch auf der Flucht vor der Sekte die ihn aufgezogen hat wird Ron in einen Strudel tragischer Ereignisse hingezogen. So sucht er nicht nur den verschwundenen Klaus, sondern auch sich selbst in der Hitze des Sommers an der Costa Brava.<\/p>\n\n\n\n<p class=\"has-small-font-size\">Die Fortsetzung von Hexenmeister \u2013 Ron l\u00e4sst los.<\/p>\n\n\n\n<p class=\"has-small-font-size\">Ron wuchs in einer Sekte auf. Bei seiner Flucht ergaunerte er sich ein nicht unerhebliches Verm\u00f6gen und wird seitdem gejagt. Doch seine Vergangenheit l\u00e4sst ihn nicht los, weshalb er als Privatdetektiv ohne Lizenz Menschen sucht die in die F\u00e4nge von Seelenf\u00e4ngern geraten sind. Sein fr\u00fcheres Leben ist ihm dabei eine Hilfe und eine B\u00fcrde zugleich.<\/p>\n<\/div>\n<\/div>\n\n\n\n<p><a href=\"https:\/\/www.amazon.de\/gp\/product\/B00DKBCID8\/ref=dbs_a_def_rwt_hsch_vapi_tkin_p1_i3\"><\/a><a href=\"https:\/\/www.amazon.de\/gp\/product\/B00G2CE8R6\/ref=dbs_a_def_rwt_hsch_vapi_tkin_p1_i2\"><\/a><a href=\"https:\/\/www.amazon.de\/gp\/product\/B00SG919D4\/ref=dbs_a_def_rwt_hsch_vapi_tkin_p1_i1\"><\/a><a href=\"https:\/\/www.amazon.de\/gp\/product\/B07G2LYY9V\/ref=dbs_a_def_rwt_hsch_vapi_tkin_p1_i0\"><\/a><\/p>\n\n\n\n<div class=\"wp-block-columns is-layout-flex wp-container-core-columns-is-layout-9d6595d7 wp-block-columns-is-layout-flex\">\n<div class=\"wp-block-column is-layout-flow wp-block-column-is-layout-flow\"><div class=\"wp-block-image\">\n<figure class=\"alignleft size-full\"><a href=\"https:\/\/www.amazon.de\/Das-Buch-L%C3%BCgen-%C3%9Cbersetzt-Begriffserkl%C3%A4rungen-ebook\/dp\/B09RMJ7F7G\/ref=sr_1_6?qid=1643731524&amp;refinements=p_27%3AMehdi+Martens&amp;s=digital-text&amp;sr=1-6&amp;text=Mehdi+Martens\"><img loading=\"lazy\" decoding=\"async\" width=\"218\" height=\"218\" src=\"https:\/\/epub-verlag.de\/wordpress\/wp-content\/uploads\/2022\/02\/bdl-cover-Final-2-1.jpg\" alt=\"\" class=\"wp-image-256\" srcset=\"https:\/\/epub-verlag.de\/wordpress\/wp-content\/uploads\/2022\/02\/bdl-cover-Final-2-1.jpg 218w, https:\/\/epub-verlag.de\/wordpress\/wp-content\/uploads\/2022\/02\/bdl-cover-Final-2-1-150x150.jpg 150w\" sizes=\"auto, (max-width: 218px) 100vw, 218px\" \/><\/a><figcaption class=\"wp-element-caption\"><a href=\"https:\/\/www.ebook.de\/de\/product\/42149228\/aleister_crowley_das_buch_der_luegen.html\" target=\"_blank\" rel=\"noreferrer noopener\"><img loading=\"lazy\" decoding=\"async\" width=\"150\" height=\"46\" class=\"wp-image-264\" style=\"width: 150px;\" src=\"https:\/\/epub-verlag.de\/wordpress\/wp-content\/uploads\/2022\/02\/E-Pub.jpg\" alt=\"\"><\/a><\/figcaption><\/figure><\/div><\/div>\n\n\n\n<div class=\"wp-block-column is-layout-flow wp-block-column-is-layout-flow\">\n<p class=\"has-small-font-size\">Aleister Crowleys Meisterwerk, Werkausgabe zum 100 Jahrestag der Erstver\u00f6ffentlichung 1913. Das Buch enth\u00e4lt das englische Original in der Originalfassung mit den Kommentaren von 1921und eine komplette Neu\u00fcbersetzung ins Deutsche von Mehdi Martens. Mit umfangreichen Kommentaren des \u00dcbersetzers zur Erkl\u00e4rung der verwendeten Begriffe und Terminologien.<br><br>\u201eDa die letzte \u00dcbersetzung von 1985 ohne die M\u00f6glichkeit der Internetrecherche entstanden ist nahm ich mir vor, den deutschsprachlichen Lesern ein lesbareres Werk an die Hand zu geben und es um diverse Begriffserkl\u00e4rungen zu erg\u00e4nzt. Denn online konnte ich in 7 verschieden W\u00f6rterb\u00fcchern gleichzeitig recherchieren, hatte Suchmaschinen und Online Lexika. All das erleichterte das Projekt ungemein, wenngleich es immer noch bis zu einem ganzen Tag dauerte, ein einziges Kapitel zu \u00fcbersetzten und so weit zu kommentieren das die Begriffe und Sachverhalte erkl\u00e4rt wurden, ohne den Text zu interpretieren. Denn die eigentliche Botschaft kann nur durch Nachdenken, Crowley nennt es \u201eArbeit\u201c, verstanden werden, da n\u00fctzen keine Kommentare etwas. Das war mir klar, jedoch fehlen dem heutigen Leser viele der damals \u00fcblichen Wissensstandards. Wer kennt heute hierzulande englische Klassiker oder die Promis der Englischen Oberschicht um 1910? Es ist daher meines Erachtens durchaus richtig, hier und da einen Kommentar zu erg\u00e4nzen, denn was \u00fcbrig bleibt ist schwierig und faszinierend genug.\u201c<br>Mehdi Martens<\/p>\n\n\n\n<p class=\"has-small-font-size\"><\/p>\n\n\n\n<p class=\"has-small-font-size\"><\/p>\n<\/div>\n<\/div>\n\n\n\n<div class=\"wp-block-columns is-layout-flex wp-container-core-columns-is-layout-9d6595d7 wp-block-columns-is-layout-flex\">\n<div class=\"wp-block-column is-layout-flow wp-block-column-is-layout-flow\"><div class=\"wp-block-image\">\n<figure class=\"alignleft size-full\"><a href=\"https:\/\/www.amazon.de\/Energie-Falk-ermittelt-Mehdi-Martens-ebook\/dp\/B09S8346Z1\/ref=sr_1_5?__mk_de_DE=%C3%85M%C3%85%C5%BD%C3%95%C3%91&amp;crid=1TRFPC8VA7I6W&amp;keywords=Mehdi+Martens&amp;qid=1644838845&amp;sprefix=mehdi+martens%2Caps%2C64&amp;sr=8-5\"><img loading=\"lazy\" decoding=\"async\" width=\"222\" height=\"226\" src=\"https:\/\/epub-verlag.de\/wordpress\/wp-content\/uploads\/2022\/02\/EnergieCoverWeb1.jpg\" alt=\"\" class=\"wp-image-274\"\/><\/a><figcaption class=\"wp-element-caption\"><a href=\"https:\/\/www.ebook.de\/de\/product\/42171771\/mehdi_martens_energie.html\"><img loading=\"lazy\" decoding=\"async\" width=\"150\" height=\"46\" class=\"wp-image-264\" style=\"width: 150px;\" src=\"https:\/\/epub-verlag.de\/wordpress\/wp-content\/uploads\/2022\/02\/E-Pub.jpg\" alt=\"\"><\/a><\/figcaption><\/figure><\/div><\/div>\n\n\n\n<div class=\"wp-block-column is-layout-flow wp-block-column-is-layout-flow\">\n<p class=\"has-small-font-size\">\u201eUnser T\u00fcrschild wies zwar auf unsere Firma hin, aber da stand lediglich Falk &amp; Partner, Beratungen. Das was ich tue ist schwer zu beschreiben. Weder \u201eGeisterj\u00e4ger\u201c noch \u201eesoterische Lebensberatung\u201c trafen es genau. Eigentlich war ich so etwas wie ein Gelehrter in Sachen \u00dcbersinnliches und Magisches. Doch das klang weit bombastischer als es in Wirklichkeit war. Meine Dienste wurden \u00fcberwiegend von Firmen ben\u00f6tigt, die Schwierigkeiten mit dem Glauben ihrer Angestellten hatten. Wenn die Arbeiter in fernen L\u00e4ndern sich weigerten weiter zu arbeiten, weil sie glaubten, dass ein Betriebsunfall das Werk teuflischer M\u00e4chte war, oder weil auf einmal seltsame Symbole auf das Werkstor gepinselt waren, dann wurde ich angerufen. Die meist westlich erzogenen Manager waren mit solchen Fragen des Aberglaubens \u00fcberfordert und konnten sich nie auf das Glaubenssystem ihrer Arbeiter so weit einlassen, dass sie eine L\u00f6sung fanden. Das war mein Job. Ich engagierte dann schon einmal einen lokalen Zauberer, die die \u201eb\u00f6sen M\u00e4chte\u201c bannte oder ich identifizierte den St\u00f6renfried und sorgte daf\u00fcr, dass der Betrieb wieder reibungslos funktionierte.\u201c<\/p>\n\n\n\n<p class=\"has-small-font-size\">So banal beschreibt Falk seine Arbeit. Doch dieses Mal steckt deutlich mehr dahinter. Denn er und seine brasilianische Partnerin Beth geraten in einen Kampf mit M\u00e4chten, die selbst ihre Vorstellungskraft \u00fcberschreiten. Ein unheiliger Pakt, ein russischer Schamane, ein uralter Azteke, Voodoo und ein hinterh\u00e4ltiger Plan halten sie in Atem. Der Autor greift tief in seinen Wissensschatz \u00fcber magische Rituale und l\u00e4sst Falk seinen Lesern augenzwinkernd erkl\u00e4ren warum alles auf dieser Welt Energie ist, wenn er nicht grade Kaffee trinkt.<\/p>\n\n\n\n<p class=\"has-small-font-size\">Falk ist Ermittler f\u00fcr \u00fcbersinnliche Ph\u00e4nomene. Ein Energiemeister wie er sich selbst gerne nennt, was bei seiner Partnerin, eine Macumba Priesterin regelm\u00e4\u00dfig Lachanf\u00e4lle ausl\u00f6st. Doch bald schon bleibt den Beiden das Lachen im Halse stecken, als sie sich in einem Netz von L\u00fcgen und Intrigen in der Magischen Welt verfangen.<\/p>\n\n\n\n<p class=\"has-small-font-size\"><\/p>\n\n\n\n<p class=\"has-small-font-size\"><\/p>\n<\/div>\n<\/div>\n\n\n\n<div class=\"wp-block-columns is-layout-flex wp-container-core-columns-is-layout-9d6595d7 wp-block-columns-is-layout-flex\">\n<div class=\"wp-block-column is-vertically-aligned-top is-layout-flow wp-block-column-is-layout-flow\"><div class=\"wp-block-image\">\n<figure class=\"alignleft size-full is-resized\"><a href=\"https:\/\/www.amazon.de\/Siebentausendvierhundertzwanzig-Kilometer-Anna-Maris-ebook\/dp\/B0F6V3NT9N\/ref=sr_1_1?__mk_de_DE=%C3%85M%C3%85%C5%BD%C3%95%C3%91&amp;crid=11JEPN2PI8M69&amp;dib=eyJ2IjoiMSJ9.X1JUYxDUZv6jPqXwvk9F7uTdMIesFch8XHQRRIYuRrSIjt5gON69Cqfsoh7xDVvtmM0zzetGh3SfiIkK50qs2VJ9wRCxlqvuRmitAZdPRu-UfUKV-dYp2qwhLUOCjK0WBpDpbzpmdEbZafR3agq6qpGY4icnXuUjKRHK_Cosjagcwzz22AIcsHV7dl5AwUFEp_eefkpiKepHCYQ5iszbsiW3jlyqIOSDPog3h0UV89o.aFEerN6GANQrqPnR2gpy7XGfF78TZyTqQDy_xWZWq8Y&amp;dib_tag=se&amp;keywords=Anna+Maris&amp;qid=1746701400&amp;sprefix=anna+maris%2Caps%2C71&amp;sr=8-1\"><img loading=\"lazy\" decoding=\"async\" width=\"218\" height=\"218\" src=\"https:\/\/epub-verlag.de\/wordpress\/wp-content\/uploads\/2025\/05\/Siebentausend-WEB.jpg\" alt=\"\" class=\"wp-image-320\" style=\"width:219px;height:auto\" srcset=\"https:\/\/epub-verlag.de\/wordpress\/wp-content\/uploads\/2025\/05\/Siebentausend-WEB.jpg 218w, https:\/\/epub-verlag.de\/wordpress\/wp-content\/uploads\/2025\/05\/Siebentausend-WEB-150x150.jpg 150w\" sizes=\"auto, (max-width: 218px) 100vw, 218px\" \/><\/a><figcaption class=\"wp-element-caption\"><a href=\"https:\/\/www.ebook.de\/de\/product\/50536194\/anna_maris_siebentausendvierhundertzwanzig_kilometer.ht\"><img loading=\"lazy\" decoding=\"async\" width=\"150\" height=\"46\" class=\"wp-image-264\" style=\"width: 150px;\" src=\"https:\/\/epub-verlag.de\/wordpress\/wp-content\/uploads\/2022\/02\/E-Pub.jpg\" alt=\"\"><\/a><\/figcaption><\/figure><\/div><\/div>\n\n\n\n<div class=\"wp-block-column is-layout-flow wp-block-column-is-layout-flow\">\n<p class=\"has-small-font-size\">Anni und Martin fliegen nach Kuba, um ihre Beziehung zu retten \u2013 die l\u00e4ngst mehr aus Gewohnheit besteht als aus N\u00e4he. Was sie bekommt, ist: Dauerregen, Blitz und Donner. Cocktails, Animateure mit zu viel Ego \u2013 und Diego. Ein Mann mit ruhigem Blick, einem L\u00e4cheln. Und einem Geheimnis. Martin reist mit Reisef\u00fchrer und Regenschirm \u2013 Anni sucht Sonne, Erholung und Spa\u00df und einen Blick, der einschl\u00e4gt wie ein Blitz. Zwischen Sonnenbrand, Mojitos und Gespr\u00e4chen bei ausgeschaltetem Licht merkt sie: Vielleicht hat sie sich selbst ein St\u00fcck weit verloren. Und vielleicht ist genau jetzt der Moment zu leben. Siebentausendvierhundertzwanzig Kilometer ist ein Roman \u00fcber Fernweh, N\u00e4he und eine besondere Liebe \u2013 und all die kleinen Entscheidungen, die manchmal alles ver\u00e4ndern. Ehrlich, witzig, ein bisschen melancholisch \u2013 wie das Leben selbst.<\/p>\n\n\n\n<p class=\"has-small-font-size\"><\/p>\n<\/div>\n<\/div>\n\n\n\n<p><\/p>\n\n\n\n<div class=\"wp-block-columns is-layout-flex wp-container-core-columns-is-layout-9d6595d7 wp-block-columns-is-layout-flex\">\n<div class=\"wp-block-column is-vertically-aligned-top is-layout-flow wp-block-column-is-layout-flow\"><div class=\"wp-block-image\">\n<figure class=\"alignleft size-full\"><a href=\"https:\/\/www.amazon.de\/Stein-Weisen-Unsichtbar-erringen-magische-ebook\/dp\/B0F7FYSQ77\/ref=sr_1_1?\"><img loading=\"lazy\" decoding=\"async\" width=\"218\" height=\"218\" src=\"https:\/\/epub-verlag.de\/wordpress\/wp-content\/uploads\/2025\/05\/Der-Stein-der-Weisen-WEB.jpg\" alt=\"\" class=\"wp-image-325\" srcset=\"https:\/\/epub-verlag.de\/wordpress\/wp-content\/uploads\/2025\/05\/Der-Stein-der-Weisen-WEB.jpg 218w, https:\/\/epub-verlag.de\/wordpress\/wp-content\/uploads\/2025\/05\/Der-Stein-der-Weisen-WEB-150x150.jpg 150w\" sizes=\"auto, (max-width: 218px) 100vw, 218px\" \/><\/a><figcaption class=\"wp-element-caption\"><a href=\"https:\/\/www.ebook.de\/de\/product\/50568900\/martin_backenecker_mehdi_martens_der_stein_der_weisen.htm\"><img loading=\"lazy\" decoding=\"async\" width=\"150\" height=\"46\" class=\"wp-image-264\" style=\"width: 150px;\" src=\"https:\/\/epub-verlag.de\/wordpress\/wp-content\/uploads\/2022\/02\/E-Pub.jpg\" alt=\"\"><\/a><\/figcaption><\/figure><\/div><\/div>\n\n\n\n<div class=\"wp-block-column is-layout-flow wp-block-column-is-layout-flow\">\n<p class=\"has-small-font-size\">War Carlos Castaneda eine Person? Aleister Crowley der Messias des Wassermannzeitalters? Sind Religionen eigentlich Satanische Sekten? Diese und anderen Fragen bekommt der Autor beantwortet w\u00e4hrend Fisch auf dem Grill brutzelt und Rotwein aus der Tasse getrunken wird. Eine Reise mit Mehdi Martens in ein fremdes Land und zu den Wurzeln seiner Erkenntnis. Denn es wird eine Reise zu den wichtigsten Fragen der Menschheit. Wer sind wir, woher kommen wir und wohin gehen wir. Gespr\u00e4che \u00fcber Haben und Sein, die dem Autor einen Blick auf den Stein der Weisen er\u00f6ffnet haben. Es kann nur ein Ziel im Leben geben, Gl\u00fccklich sein!<\/p>\n\n\n\n<p class=\"has-small-font-size\"><\/p>\n<\/div>\n<\/div>\n\n\n\n<p><\/p>\n","protected":false},"excerpt":{"rendered":"<p>Cover anklicken zum Kaufen im Kindle Format bei Amazon, oder den Button zum Kauf als E-Pub bei Ebooks.de Wer kennt sie nicht, die uralte Frage &hellip; <\/p>\n","protected":false},"author":1,"featured_media":0,"parent":0,"menu_order":0,"comment_status":"closed","ping_status":"closed","template":"","meta":{"footnotes":""},"class_list":["post-61","page","type-page","status-publish","hentry"],"_links":{"self":[{"href":"https:\/\/epub-verlag.de\/wordpress\/wp-json\/wp\/v2\/pages\/61","targetHints":{"allow":["GET"]}}],"collection":[{"href":"https:\/\/epub-verlag.de\/wordpress\/wp-json\/wp\/v2\/pages"}],"about":[{"href":"https:\/\/epub-verlag.de\/wordpress\/wp-json\/wp\/v2\/types\/page"}],"author":[{"embeddable":true,"href":"https:\/\/epub-verlag.de\/wordpress\/wp-json\/wp\/v2\/users\/1"}],"replies":[{"embeddable":true,"href":"https:\/\/epub-verlag.de\/wordpress\/wp-json\/wp\/v2\/comments?post=61"}],"version-history":[{"count":18,"href":"https:\/\/epub-verlag.de\/wordpress\/wp-json\/wp\/v2\/pages\/61\/revisions"}],"predecessor-version":[{"id":329,"href":"https:\/\/epub-verlag.de\/wordpress\/wp-json\/wp\/v2\/pages\/61\/revisions\/329"}],"wp:attachment":[{"href":"https:\/\/epub-verlag.de\/wordpress\/wp-json\/wp\/v2\/media?parent=61"}],"curies":[{"name":"wp","href":"https:\/\/api.w.org\/{rel}","templated":true}]}}